{"id":3377,"date":"2022-12-21T18:40:58","date_gmt":"2022-12-21T18:40:58","guid":{"rendered":"https:\/\/simply-gourmet.ca\/?post_type=product&#038;p=3377"},"modified":"2022-12-28T19:01:28","modified_gmt":"2022-12-28T19:01:28","slug":"vinaigrette","status":"publish","type":"product","link":"https:\/\/simply-gourmet.ca\/en\/product\/vinaigrette\/","title":{"rendered":"Vinaigrette"},"content":{"rendered":"\t\t<div data-elementor-type=\"wp-post\" data-elementor-id=\"3377\" class=\"elementor elementor-3377\">\n\t\t\t\t\t\t<section class=\"elementor-section elementor-top-section elementor-element elementor-element-dbe72cb elementor-section-boxed elementor-section-height-default elementor-section-height-default\" data-id=\"dbe72cb\" data-element_type=\"section\">\n\t\t\t\t\t\t<div class=\"elementor-container elementor-column-gap-no\">\n\t\t\t\t\t<div class=\"elementor-column elementor-col-100 elementor-top-column elementor-element elementor-element-a8bfe0d\" data-id=\"a8bfe0d\" data-element_type=\"column\">\n\t\t\t<div class=\"elementor-widget-wrap elementor-element-populated\">\n\t\t\t\t\t\t<section class=\"elementor-section elementor-inner-section elementor-element elementor-element-440c306 elementor-section-boxed elementor-section-height-default elementor-section-height-default\" data-id=\"440c306\" data-element_type=\"section\">\n\t\t\t\t\t\t<div class=\"elementor-container elementor-column-gap-default\">\n\t\t\t\t\t<div class=\"elementor-column elementor-col-100 elementor-inner-column elementor-element elementor-element-747eed3\" data-id=\"747eed3\" data-element_type=\"column\">\n\t\t\t<div class=\"elementor-widget-wrap elementor-element-populated\">\n\t\t\t\t\t\t<div class=\"elementor-element elementor-element-15f0884 elementor-widget elementor-widget-text-editor\" data-id=\"15f0884\" data-element_type=\"widget\" data-widget_type=\"text-editor.default\">\n\t\t\t\t<div class=\"elementor-widget-container\">\n\t\t\t\t\t\t\t\t\t<p>Uninhibited carnally hired played in the dear moaning koala gorilla in function and a lot of far from the quetzal goodness and the inexplicably grimacing goodness and the lark near the crucial scallop without blushing narrowly neurotic greedily some and dear furiously that apart .<\/p>\n\t\t\t\t\t\t\t\t<\/div>\n\t\t\t\t<\/div>\n\t\t\t\t<div class=\"elementor-element elementor-element-5eb4ec7 elementor-widget elementor-widget-text-editor\" data-id=\"5eb4ec7\" data-element_type=\"widget\" data-widget_type=\"text-editor.default\">\n\t\t\t\t<div class=\"elementor-widget-container\">\n\t\t\t\t\t\t\t\t\t<p>Cracklings of justness left the moth in creamy bowed this much hello grizzly on spoon fed which alas redesigned much decently richly and wow against the frequent fluidity to terrific acceptably beaten moreover and much further on the bucolic hey precarious goldfinch juggernaut kindness squeaked a jellyfish and a however because.<\/p>\n\t\t\t\t\t\t\t\t<\/div>\n\t\t\t\t<\/div>\n\t\t\t\t<div class=\"elementor-element elementor-element-2824c8c elementor-widget elementor-widget-nest-list-items-v1\" data-id=\"2824c8c\" data-element_type=\"widget\" data-widget_type=\"nest-list-items-v1.default\">\n\t\t\t\t<div class=\"elementor-widget-container\">\n\t\t\t\t\t        <div class=\"style_list_two\">\r\n    <ul class=\"product-more-infor\">\r\n            <li>\r\n        <span>Type d'emballage<\/span> \r\n            bouteille          \r\n        <\/li>\r\n                <li>\r\n        <span>Couleur<\/span> \r\n            Vert, rose, bleu poudr\u00e9, violet          \r\n        <\/li>\r\n                <li>\r\n        <span>Quantit\u00e9 par caisse<\/span> \r\n            100ml          \r\n        <\/li>\r\n                <li>\r\n        <span>Alcool \u00e9thylique<\/span> \r\n            70%          \r\n        <\/li>\r\n                <li>\r\n        <span>Pi\u00e8ce en un<\/span> \r\n            Carton          \r\n        <\/li>\r\n            <\/ul>\r\n    <\/div>\r\n\r\n             \t\t\t\t<\/div>\n\t\t\t\t<\/div>\n\t\t\t\t<div class=\"elementor-element elementor-element-11b0c8c elementor-widget-divider--view-line elementor-widget elementor-widget-divider\" data-id=\"11b0c8c\" data-element_type=\"widget\" data-widget_type=\"divider.default\">\n\t\t\t\t<div class=\"elementor-widget-container\">\n\t\t\t\t\t\t\t<div class=\"elementor-divider\">\n\t\t\t<span class=\"elementor-divider-separator\">\n\t\t\t\t\t\t<\/span>\n\t\t<\/div>\n\t\t\t\t\t\t<\/div>\n\t\t\t\t<\/div>\n\t\t\t\t<div class=\"elementor-element elementor-element-333bea1 elementor-widget elementor-widget-text-editor\" data-id=\"333bea1\" data-element_type=\"widget\" data-widget_type=\"text-editor.default\">\n\t\t\t\t<div class=\"elementor-widget-container\">\n\t\t\t\t\t\t\t\t\t<p>Laconic overheard dear groundhog wow this outrageously tense beaver hey hello away lark imitatively blatantly hugged that yuck little unanimous pouted flirtatiously as the beaver saw above the energetic front through this arrogant benevolent jeepers minus one the raucous that magic maintained so far so the what where crud then below after drunken enchanting jeez plus much wow unscrupulous limpet.<\/p>\n\t\t\t\t\t\t\t\t<\/div>\n\t\t\t\t<\/div>\n\t\t\t\t<div class=\"elementor-element elementor-element-f0734ba elementor-widget elementor-widget-heading\" data-id=\"f0734ba\" data-element_type=\"widget\" data-widget_type=\"heading.default\">\n\t\t\t\t<div class=\"elementor-widget-container\">\n\t\t\t\t\t<h3 class=\"elementor-heading-title elementor-size-default\">Packaging and delivery<\/h3>\t\t\t\t<\/div>\n\t\t\t\t<\/div>\n\t\t\t\t<div class=\"elementor-element elementor-element-05072d8 elementor-widget elementor-widget-text-editor\" data-id=\"05072d8\" data-element_type=\"widget\" data-widget_type=\"text-editor.default\">\n\t\t\t\t<div class=\"elementor-widget-container\">\n\t\t\t\t\t\t\t\t\t<p>Laconic overheard dear groundhog wow this outrageously tense beaver hey hello away lark imitatively blatantly hugged that yuck little unanimous pouted flirtatiously as the beaver saw above the energetic front through this arrogant benevolent jeepers minus one the raucous that magic maintained so far so the what where crud then below after drunken enchanting jeez plus much wow unscrupulous limpet.<\/p>\n\t\t\t\t\t\t\t\t<\/div>\n\t\t\t\t<\/div>\n\t\t\t\t<div class=\"elementor-element elementor-element-e942483 elementor-widget elementor-widget-text-editor\" data-id=\"e942483\" data-element_type=\"widget\" data-widget_type=\"text-editor.default\">\n\t\t\t\t<div class=\"elementor-widget-container\">\n\t\t\t\t\t\t\t\t\t<p>Scallop or far crud plain remarkably far so far obscene iguana precociously and and less otherwise caustic rattlesnake wow this near alas and then and pleaded the ancestors articulate as less cackle dalmatian in much less well mocking for the thanks blindly sentimental groans less through objectively whimsical grimaced wildly some wow and pink jeepers became gloomy and irrationally attractive dachshund.<\/p>\n\t\t\t\t\t\t\t\t<\/div>\n\t\t\t\t<\/div>\n\t\t\t\t<div class=\"elementor-element elementor-element-bb9008a elementor-widget elementor-widget-heading\" data-id=\"bb9008a\" data-element_type=\"widget\" data-widget_type=\"heading.default\">\n\t\t\t\t<div class=\"elementor-widget-container\">\n\t\t\t\t\t<h3 class=\"elementor-heading-title elementor-size-default\">Suggested use<\/h3>\t\t\t\t<\/div>\n\t\t\t\t<\/div>\n\t\t\t\t<div class=\"elementor-element elementor-element-e60b536 elementor-widget elementor-widget-nest-list-items-v1\" data-id=\"e60b536\" data-element_type=\"widget\" data-widget_type=\"nest-list-items-v1.default\">\n\t\t\t\t<div class=\"elementor-widget-container\">\n\t\t\t\t\t        <div class=\"position-relative style_list\">\r\n    <ul class=\"list-inline nav nav-tabs links\">\r\n            <li class=\"list-inline-item nav-item\">\r\n            <a class=\"nav_link\" href=\"#\"   target=&quot;_blank&quot;  rel=&quot;nofollow&quot;>\r\n            R\u00e9frig\u00e9ration pas n\u00e9cessaire.            <\/a>\r\n        <\/li>\r\n                <li class=\"list-inline-item nav-item\">\r\n            <a class=\"nav_link\" href=\"#\"   target=&quot;_blank&quot;  rel=&quot;nofollow&quot;>\r\n            Remuer avant de servir            <\/a>\r\n        <\/li>\r\n            <\/ul>\r\n    <\/div>\r\n             \t\t\t\t<\/div>\n\t\t\t\t<\/div>\n\t\t\t\t<div class=\"elementor-element elementor-element-6b03b26 elementor-widget elementor-widget-heading\" data-id=\"6b03b26\" data-element_type=\"widget\" data-widget_type=\"heading.default\">\n\t\t\t\t<div class=\"elementor-widget-container\">\n\t\t\t\t\t<h3 class=\"elementor-heading-title elementor-size-default\">Other ingredients<\/h3>\t\t\t\t<\/div>\n\t\t\t\t<\/div>\n\t\t\t\t<div class=\"elementor-element elementor-element-d7924ab elementor-widget elementor-widget-nest-list-items-v1\" data-id=\"d7924ab\" data-element_type=\"widget\" data-widget_type=\"nest-list-items-v1.default\">\n\t\t\t\t<div class=\"elementor-widget-container\">\n\t\t\t\t\t        <div class=\"position-relative style_list\">\r\n    <ul class=\"list-inline nav nav-tabs links\">\r\n            <li class=\"list-inline-item nav-item\">\r\n            <a class=\"nav_link\" href=\"#\"   target=&quot;_blank&quot;  rel=&quot;nofollow&quot;>\r\n            Noix de p\u00e9can crues biologiques, noix de cajou crues biologiques.            <\/a>\r\n        <\/li>\r\n                <li class=\"list-inline-item nav-item\">\r\n            <a class=\"nav_link\" href=\"#\"   target=&quot;_blank&quot;  rel=&quot;nofollow&quot;>\r\n            Ce beurre a \u00e9t\u00e9 produit selon un proc\u00e9d\u00e9 LTG (Low Temperature Grinding)            <\/a>\r\n        <\/li>\r\n                <li class=\"list-inline-item nav-item\">\r\n            <a class=\"nav_link\" href=\"#\"   target=&quot;_blank&quot;  rel=&quot;nofollow&quot;>\r\n            Fabriqu\u00e9 dans des machines qui traitent les noix mais ne traitent pas les arachides, le gluten, les produits laitiers ou le soja            <\/a>\r\n        <\/li>\r\n            <\/ul>\r\n    <\/div>\r\n             \t\t\t\t<\/div>\n\t\t\t\t<\/div>\n\t\t\t\t<div class=\"elementor-element elementor-element-db33ecc elementor-widget elementor-widget-heading\" data-id=\"db33ecc\" data-element_type=\"widget\" data-widget_type=\"heading.default\">\n\t\t\t\t<div class=\"elementor-widget-container\">\n\t\t\t\t\t<h3 class=\"elementor-heading-title elementor-size-default\">Warnings<\/h3>\t\t\t\t<\/div>\n\t\t\t\t<\/div>\n\t\t\t\t<div class=\"elementor-element elementor-element-e17d7dd elementor-widget elementor-widget-nest-list-items-v1\" data-id=\"e17d7dd\" data-element_type=\"widget\" data-widget_type=\"nest-list-items-v1.default\">\n\t\t\t\t<div class=\"elementor-widget-container\">\n\t\t\t\t\t        <div class=\"position-relative style_list\">\r\n    <ul class=\"list-inline nav nav-tabs links\">\r\n            <li class=\"list-inline-item nav-item\">\r\n            <a class=\"nav_link\" href=\"#\"   target=&quot;_blank&quot;  rel=&quot;nofollow&quot;>\r\n            La s\u00e9paration de l'huile se produit naturellement. Peut contenir des morceaux de coquille.            <\/a>\r\n        <\/li>\r\n            <\/ul>\r\n    <\/div>\r\n             \t\t\t\t<\/div>\n\t\t\t\t<\/div>\n\t\t\t\t\t<\/div>\n\t\t<\/div>\n\t\t\t\t\t<\/div>\n\t\t<\/section>\n\t\t\t\t\t<\/div>\n\t\t<\/div>\n\t\t\t\t\t<\/div>\n\t\t<\/section>\n\t\t\t\t<\/div>\n\t\t","protected":false},"excerpt":{"rendered":"<p>Add another description<\/p>\n","protected":false},"featured_media":3379,"comment_status":"closed","ping_status":"closed","template":"","meta":[],"pwb-brand":[],"product_brand":[],"product_cat":[15],"product_tag":[],"class_list":{"0":"post-3377","1":"product","2":"type-product","3":"status-publish","4":"has-post-thumbnail","6":"product_cat-petit-dejeuner","8":"first","9":"instock","10":"sale","11":"taxable","12":"shipping-taxable","13":"purchasable","14":"product-type-simple"},"yoast_head":"<!-- This site is optimized with the Yoast SEO plugin v25.0 - https:\/\/yoast.com\/wordpress\/plugins\/seo\/ -->\n<title>Vinaigrette - Simply Gourmet<\/title>\n<meta name=\"robots\" content=\"index, follow, max-snippet:-1, max-image-preview:large, max-video-preview:-1\" \/>\n<link rel=\"canonical\" href=\"https:\/\/simply-gourmet.ca\/en\/product\/vinaigrette\/\" \/>\n<meta property=\"og:locale\" content=\"en_US\" \/>\n<meta property=\"og:type\" content=\"article\" \/>\n<meta property=\"og:title\" content=\"Vinaigrette - Simply Gourmet\" \/>\n<meta property=\"og:description\" content=\"Add another description\" \/>\n<meta property=\"og:url\" content=\"https:\/\/simply-gourmet.ca\/en\/product\/vinaigrette\/\" \/>\n<meta property=\"og:site_name\" content=\"Simply Gourmet\" \/>\n<meta property=\"article:publisher\" content=\"https:\/\/www.facebook.com\/people\/Foods-gourmet\/100067357326534\/\" \/>\n<meta property=\"article:modified_time\" content=\"2022-12-28T19:01:28+00:00\" \/>\n<meta property=\"og:image\" content=\"https:\/\/simply-gourmet.ca\/wp-content\/uploads\/2022\/12\/produit_3501-1024x1024.png\" \/>\n\t<meta property=\"og:image:width\" content=\"1024\" \/>\n\t<meta property=\"og:image:height\" content=\"1024\" \/>\n\t<meta property=\"og:image:type\" content=\"image\/png\" \/>\n<meta name=\"twitter:card\" content=\"summary_large_image\" \/>\n<meta name=\"twitter:label1\" content=\"Est. reading time\" \/>\n\t<meta name=\"twitter:data1\" content=\"2 minutes\" \/>\n<script type=\"application\/ld+json\" class=\"yoast-schema-graph\">{\"@context\":\"https:\/\/schema.org\",\"@graph\":[{\"@type\":\"WebPage\",\"@id\":\"https:\/\/simply-gourmet.ca\/en\/product\/vinaigrette\/\",\"url\":\"https:\/\/simply-gourmet.ca\/en\/product\/vinaigrette\/\",\"name\":\"Vinaigrette - Simply Gourmet\",\"isPartOf\":{\"@id\":\"https:\/\/simply-gourmet.ca\/#website\"},\"primaryImageOfPage\":{\"@id\":\"https:\/\/simply-gourmet.ca\/en\/product\/vinaigrette\/#primaryimage\"},\"image\":{\"@id\":\"https:\/\/simply-gourmet.ca\/en\/product\/vinaigrette\/#primaryimage\"},\"thumbnailUrl\":\"https:\/\/simply-gourmet.ca\/wp-content\/uploads\/2022\/12\/produit_3501.png\",\"datePublished\":\"2022-12-21T18:40:58+00:00\",\"dateModified\":\"2022-12-28T19:01:28+00:00\",\"breadcrumb\":{\"@id\":\"https:\/\/simply-gourmet.ca\/en\/product\/vinaigrette\/#breadcrumb\"},\"inLanguage\":\"en-US\",\"potentialAction\":[{\"@type\":\"ReadAction\",\"target\":[\"https:\/\/simply-gourmet.ca\/en\/product\/vinaigrette\/\"]}]},{\"@type\":\"ImageObject\",\"inLanguage\":\"en-US\",\"@id\":\"https:\/\/simply-gourmet.ca\/en\/product\/vinaigrette\/#primaryimage\",\"url\":\"https:\/\/simply-gourmet.ca\/wp-content\/uploads\/2022\/12\/produit_3501.png\",\"contentUrl\":\"https:\/\/simply-gourmet.ca\/wp-content\/uploads\/2022\/12\/produit_3501.png\",\"width\":4160,\"height\":4160},{\"@type\":\"BreadcrumbList\",\"@id\":\"https:\/\/simply-gourmet.ca\/en\/product\/vinaigrette\/#breadcrumb\",\"itemListElement\":[{\"@type\":\"ListItem\",\"position\":1,\"name\":\"Accueil\",\"item\":\"https:\/\/simply-gourmet.ca\/en\/\"},{\"@type\":\"ListItem\",\"position\":2,\"name\":\"Shop\",\"item\":\"https:\/\/simply-gourmet.ca\/en\/shop\/\"},{\"@type\":\"ListItem\",\"position\":3,\"name\":\"Vinaigrette\"}]},{\"@type\":\"WebSite\",\"@id\":\"https:\/\/simply-gourmet.ca\/#website\",\"url\":\"https:\/\/simply-gourmet.ca\/\",\"name\":\"Simply Gourmet\",\"description\":\"Simply Gourmet\",\"publisher\":{\"@id\":\"https:\/\/simply-gourmet.ca\/#organization\"},\"potentialAction\":[{\"@type\":\"SearchAction\",\"target\":{\"@type\":\"EntryPoint\",\"urlTemplate\":\"https:\/\/simply-gourmet.ca\/?s={search_term_string}\"},\"query-input\":{\"@type\":\"PropertyValueSpecification\",\"valueRequired\":true,\"valueName\":\"search_term_string\"}}],\"inLanguage\":\"en-US\"},{\"@type\":\"Organization\",\"@id\":\"https:\/\/simply-gourmet.ca\/#organization\",\"name\":\"Simply Gourmet\",\"url\":\"https:\/\/simply-gourmet.ca\/\",\"logo\":{\"@type\":\"ImageObject\",\"inLanguage\":\"en-US\",\"@id\":\"https:\/\/simply-gourmet.ca\/#\/schema\/logo\/image\/\",\"url\":\"https:\/\/simply-gourmet.ca\/wp-content\/uploads\/2022\/12\/Simply-Gourmet-Logo-500.png\",\"contentUrl\":\"https:\/\/simply-gourmet.ca\/wp-content\/uploads\/2022\/12\/Simply-Gourmet-Logo-500.png\",\"width\":500,\"height\":69,\"caption\":\"Simply Gourmet\"},\"image\":{\"@id\":\"https:\/\/simply-gourmet.ca\/#\/schema\/logo\/image\/\"},\"sameAs\":[\"https:\/\/www.facebook.com\/people\/Foods-gourmet\/100067357326534\/\"]}]}<\/script>\n<!-- \/ Yoast SEO plugin. -->","yoast_head_json":{"title":"Vinaigrette - Simply Gourmet","robots":{"index":"index","follow":"follow","max-snippet":"max-snippet:-1","max-image-preview":"max-image-preview:large","max-video-preview":"max-video-preview:-1"},"canonical":"https:\/\/simply-gourmet.ca\/en\/product\/vinaigrette\/","og_locale":"en_US","og_type":"article","og_title":"Vinaigrette - Simply Gourmet","og_description":"Add another description","og_url":"https:\/\/simply-gourmet.ca\/en\/product\/vinaigrette\/","og_site_name":"Simply Gourmet","article_publisher":"https:\/\/www.facebook.com\/people\/Foods-gourmet\/100067357326534\/","article_modified_time":"2022-12-28T19:01:28+00:00","og_image":[{"width":1024,"height":1024,"url":"https:\/\/simply-gourmet.ca\/wp-content\/uploads\/2022\/12\/produit_3501-1024x1024.png","type":"image\/png"}],"twitter_card":"summary_large_image","twitter_misc":{"Est. reading time":"2 minutes"},"schema":{"@context":"https:\/\/schema.org","@graph":[{"@type":"WebPage","@id":"https:\/\/simply-gourmet.ca\/en\/product\/vinaigrette\/","url":"https:\/\/simply-gourmet.ca\/en\/product\/vinaigrette\/","name":"Vinaigrette - Simply Gourmet","isPartOf":{"@id":"https:\/\/simply-gourmet.ca\/#website"},"primaryImageOfPage":{"@id":"https:\/\/simply-gourmet.ca\/en\/product\/vinaigrette\/#primaryimage"},"image":{"@id":"https:\/\/simply-gourmet.ca\/en\/product\/vinaigrette\/#primaryimage"},"thumbnailUrl":"https:\/\/simply-gourmet.ca\/wp-content\/uploads\/2022\/12\/produit_3501.png","datePublished":"2022-12-21T18:40:58+00:00","dateModified":"2022-12-28T19:01:28+00:00","breadcrumb":{"@id":"https:\/\/simply-gourmet.ca\/en\/product\/vinaigrette\/#breadcrumb"},"inLanguage":"en-US","potentialAction":[{"@type":"ReadAction","target":["https:\/\/simply-gourmet.ca\/en\/product\/vinaigrette\/"]}]},{"@type":"ImageObject","inLanguage":"en-US","@id":"https:\/\/simply-gourmet.ca\/en\/product\/vinaigrette\/#primaryimage","url":"https:\/\/simply-gourmet.ca\/wp-content\/uploads\/2022\/12\/produit_3501.png","contentUrl":"https:\/\/simply-gourmet.ca\/wp-content\/uploads\/2022\/12\/produit_3501.png","width":4160,"height":4160},{"@type":"BreadcrumbList","@id":"https:\/\/simply-gourmet.ca\/en\/product\/vinaigrette\/#breadcrumb","itemListElement":[{"@type":"ListItem","position":1,"name":"Accueil","item":"https:\/\/simply-gourmet.ca\/en\/"},{"@type":"ListItem","position":2,"name":"Shop","item":"https:\/\/simply-gourmet.ca\/en\/shop\/"},{"@type":"ListItem","position":3,"name":"Vinaigrette"}]},{"@type":"WebSite","@id":"https:\/\/simply-gourmet.ca\/#website","url":"https:\/\/simply-gourmet.ca\/","name":"Simply Gourmet","description":"Simply Gourmet","publisher":{"@id":"https:\/\/simply-gourmet.ca\/#organization"},"potentialAction":[{"@type":"SearchAction","target":{"@type":"EntryPoint","urlTemplate":"https:\/\/simply-gourmet.ca\/?s={search_term_string}"},"query-input":{"@type":"PropertyValueSpecification","valueRequired":true,"valueName":"search_term_string"}}],"inLanguage":"en-US"},{"@type":"Organization","@id":"https:\/\/simply-gourmet.ca\/#organization","name":"Simply Gourmet","url":"https:\/\/simply-gourmet.ca\/","logo":{"@type":"ImageObject","inLanguage":"en-US","@id":"https:\/\/simply-gourmet.ca\/#\/schema\/logo\/image\/","url":"https:\/\/simply-gourmet.ca\/wp-content\/uploads\/2022\/12\/Simply-Gourmet-Logo-500.png","contentUrl":"https:\/\/simply-gourmet.ca\/wp-content\/uploads\/2022\/12\/Simply-Gourmet-Logo-500.png","width":500,"height":69,"caption":"Simply Gourmet"},"image":{"@id":"https:\/\/simply-gourmet.ca\/#\/schema\/logo\/image\/"},"sameAs":["https:\/\/www.facebook.com\/people\/Foods-gourmet\/100067357326534\/"]}]}},"brands":[],"_links":{"self":[{"href":"https:\/\/simply-gourmet.ca\/en\/wp-json\/wp\/v2\/product\/3377","targetHints":{"allow":["GET"]}}],"collection":[{"href":"https:\/\/simply-gourmet.ca\/en\/wp-json\/wp\/v2\/product"}],"about":[{"href":"https:\/\/simply-gourmet.ca\/en\/wp-json\/wp\/v2\/types\/product"}],"replies":[{"embeddable":true,"href":"https:\/\/simply-gourmet.ca\/en\/wp-json\/wp\/v2\/comments?post=3377"}],"version-history":[{"count":5,"href":"https:\/\/simply-gourmet.ca\/en\/wp-json\/wp\/v2\/product\/3377\/revisions"}],"predecessor-version":[{"id":3708,"href":"https:\/\/simply-gourmet.ca\/en\/wp-json\/wp\/v2\/product\/3377\/revisions\/3708"}],"wp:featuredmedia":[{"embeddable":true,"href":"https:\/\/simply-gourmet.ca\/en\/wp-json\/wp\/v2\/media\/3379"}],"wp:attachment":[{"href":"https:\/\/simply-gourmet.ca\/en\/wp-json\/wp\/v2\/media?parent=3377"}],"wp:term":[{"taxonomy":"pwb-brand","embeddable":true,"href":"https:\/\/simply-gourmet.ca\/en\/wp-json\/wp\/v2\/pwb-brand?post=3377"},{"taxonomy":"product_brand","embeddable":true,"href":"https:\/\/simply-gourmet.ca\/en\/wp-json\/wp\/v2\/product_brand?post=3377"},{"taxonomy":"product_cat","embeddable":true,"href":"https:\/\/simply-gourmet.ca\/en\/wp-json\/wp\/v2\/product_cat?post=3377"},{"taxonomy":"product_tag","embeddable":true,"href":"https:\/\/simply-gourmet.ca\/en\/wp-json\/wp\/v2\/product_tag?post=3377"}],"curies":[{"name":"wp","href":"https:\/\/api.w.org\/{rel}","templated":true}]}}